{"id":1529,"date":"2022-09-20T13:10:12","date_gmt":"2022-09-20T17:10:12","guid":{"rendered":"http:\/\/atacanatours.armarketingdigital.com\/?page_id=1529"},"modified":"2025-04-29T10:12:02","modified_gmt":"2025-04-29T14:12:02","slug":"carrito-de-compras","status":"publish","type":"page","link":"https:\/\/www.atacama.tours\/en\/carrito-de-compras\/","title":{"rendered":"Carrito de compras"},"content":{"rendered":"<div data-elementor-type=\"wp-page\" data-elementor-id=\"1529\" class=\"elementor elementor-1529\" data-elementor-post-type=\"page\">\n\t\t\t\t\t\t<section class=\"elementor-section elementor-top-section elementor-element elementor-element-8127f5b elementor-section-boxed elementor-section-height-default elementor-section-height-default\" data-id=\"8127f5b\" data-element_type=\"section\">\n\t\t\t\t\t\t<div class=\"elementor-container elementor-column-gap-default\">\n\t\t\t\t\t<div class=\"elementor-column elementor-col-100 elementor-top-column elementor-element elementor-element-72073fb\" data-id=\"72073fb\" data-element_type=\"column\">\n\t\t\t<div class=\"elementor-widget-wrap elementor-element-populated\">\n\t\t\t\t\t\t<section class=\"elementor-section elementor-inner-section elementor-element elementor-element-262757c elementor-section-boxed elementor-section-height-default elementor-section-height-default\" data-id=\"262757c\" data-element_type=\"section\">\n\t\t\t\t\t\t<div class=\"elementor-container elementor-column-gap-default\">\n\t\t\t\t\t<div class=\"elementor-column elementor-col-100 elementor-inner-column elementor-element elementor-element-267ee6a\" data-id=\"267ee6a\" data-element_type=\"column\">\n\t\t\t<div class=\"elementor-widget-wrap elementor-element-populated\">\n\t\t\t\t\t\t<div class=\"elementor-element elementor-element-3864294 elementor-widget elementor-widget-heading\" data-id=\"3864294\" data-element_type=\"widget\" data-widget_type=\"heading.default\">\n\t\t\t\t<div class=\"elementor-widget-container\">\n\t\t\t\t\t<h1 class=\"elementor-heading-title elementor-size-default\">Shopping Cart <\/h1>\t\t\t\t<\/div>\n\t\t\t\t<\/div>\n\t\t\t\t<div class=\"elementor-element elementor-element-af688ec elementor-widget elementor-widget-text-editor\" data-id=\"af688ec\" data-element_type=\"widget\" data-widget_type=\"text-editor.default\">\n\t\t\t\t<div class=\"elementor-widget-container\">\n\t\t\t\t\t\t\t\t\t<p class=\"mb-3 text-gray-700\">Remember to schedule at least 2-3 days in advance.\u00a0<\/p>\t\t\t\t\t\t\t\t<\/div>\n\t\t\t\t<\/div>\n\t\t\t\t<div class=\"elementor-element elementor-element-02d2a2c elementor-align-right elementor-tablet-align-center elementor-mobile-align-center elementor-widget elementor-widget-button\" data-id=\"02d2a2c\" data-element_type=\"widget\" data-widget_type=\"button.default\">\n\t\t\t\t<div class=\"elementor-widget-container\">\n\t\t\t\t\t\t\t\t\t<div class=\"elementor-button-wrapper\">\n\t\t\t\t\t<a class=\"elementor-button elementor-button-link elementor-size-sm\" href=\"https:\/\/www.atacama.tours\/en\/tour\/\" target=\"_blank\">\n\t\t\t\t\t\t<span class=\"elementor-button-content-wrapper\">\n\t\t\t\t\t\t\t\t\t<span class=\"elementor-button-text\">Continue choosing Tours<\/span>\n\t\t\t\t\t<\/span>\n\t\t\t\t\t<\/a>\n\t\t\t\t<\/div>\n\t\t\t\t\t\t\t\t<\/div>\n\t\t\t\t<\/div>\n\t\t\t\t\t<\/div>\n\t\t<\/div>\n\t\t\t\t\t<\/div>\n\t\t<\/section>\n\t\t\t\t<div class=\"elementor-element elementor-element-eda9dc8 elementor-widget elementor-widget-heading\" data-id=\"eda9dc8\" data-element_type=\"widget\" data-widget_type=\"heading.default\">\n\t\t\t\t<div class=\"elementor-widget-container\">\n\t\t\t\t\t<h2 class=\"elementor-heading-title elementor-size-default\">Book related tours <\/h2>\t\t\t\t<\/div>\n\t\t\t\t<\/div>\n\t\t\t\t<div class=\"elementor-element elementor-element-5337e5a products-heading-show elementor-grid-4 elementor-grid-tablet-3 elementor-grid-mobile-2 elementor-products-grid elementor-wc-products elementor-widget elementor-widget-woocommerce-products\" data-id=\"5337e5a\" data-element_type=\"widget\" data-widget_type=\"woocommerce-products.default\">\n\t\t\t\t<div class=\"elementor-widget-container\">\n\t\t\t\t\t<div class=\"woocommerce columns-4\"><ul class=\"products elementor-grid columns-4\">\n<li class=\"product type-product post-10228 status-publish first instock product_cat-reservas product_tag-tour-astronomico-the-roofless has-post-thumbnail sold-individually shipping-taxable purchasable product-type-booking\">\n\t<a href=\"https:\/\/www.atacama.tours\/en\/tour\/astronomico\/\" class=\"woocommerce-LoopProduct-link woocommerce-loop-product__link\"><img fetchpriority=\"high\" decoding=\"async\" width=\"300\" height=\"300\" src=\"https:\/\/www.atacama.tours\/wp-content\/uploads\/2026\/04\/Observacion-de-Estrellas-en-Atacama-Bajo-un-Cielo-Infinito-300x300.webp\" class=\"attachment-woocommerce_thumbnail size-woocommerce_thumbnail\" alt=\"Tour astron\u00f3mico en San Pedro de Atacama\" srcset=\"https:\/\/www.atacama.tours\/wp-content\/uploads\/2026\/04\/Observacion-de-Estrellas-en-Atacama-Bajo-un-Cielo-Infinito-300x300.webp 300w, https:\/\/www.atacama.tours\/wp-content\/uploads\/2026\/04\/Observacion-de-Estrellas-en-Atacama-Bajo-un-Cielo-Infinito-150x150.webp 150w, https:\/\/www.atacama.tours\/wp-content\/uploads\/2026\/04\/Observacion-de-Estrellas-en-Atacama-Bajo-un-Cielo-Infinito-768x768.webp 768w, https:\/\/www.atacama.tours\/wp-content\/uploads\/2026\/04\/Observacion-de-Estrellas-en-Atacama-Bajo-un-Cielo-Infinito-12x12.webp 12w, https:\/\/www.atacama.tours\/wp-content\/uploads\/2026\/04\/Observacion-de-Estrellas-en-Atacama-Bajo-un-Cielo-Infinito-600x600.webp 600w, https:\/\/www.atacama.tours\/wp-content\/uploads\/2026\/04\/Observacion-de-Estrellas-en-Atacama-Bajo-un-Cielo-Infinito-100x100.webp 100w, https:\/\/www.atacama.tours\/wp-content\/uploads\/2026\/04\/Observacion-de-Estrellas-en-Atacama-Bajo-un-Cielo-Infinito-64x64.webp 64w, https:\/\/www.atacama.tours\/wp-content\/uploads\/2026\/04\/Observacion-de-Estrellas-en-Atacama-Bajo-un-Cielo-Infinito.webp 800w\" sizes=\"(max-width: 300px) 100vw, 300px\" \/><h2 class=\"woocommerce-loop-product__title\">Tour astron\u00f3mico en San Pedro de Atacama<\/h2>\n\t<span class=\"price\">From: <span class=\"woocommerce-Price-amount amount\"><bdi><span class=\"woocommerce-Price-currencySymbol\">&#36;<\/span>400.000<\/bdi><\/span><\/span>\n<\/a><a href=\"https:\/\/www.atacama.tours\/en\/tour\/astronomico\/\" aria-describedby=\"woocommerce_loop_add_to_cart_link_describedby_10228\" data-quantity=\"1\" class=\"button product_type_booking add_to_cart_button\" data-product_id=\"10228\" data-product_sku=\"\" aria-label=\"Read more about \u201cTour astron\u00f3mico en San Pedro de Atacama\u201d\" rel=\"nofollow\" data-no-translation=\"\" data-trp-gettext=\"\" data-no-translation-aria-label=\"\">Read more<\/a>\t<span id=\"woocommerce_loop_add_to_cart_link_describedby_10228\" class=\"screen-reader-text\">\n\t\t\t<\/span>\n<\/li>\n<li class=\"product type-product post-10227 status-publish instock product_cat-reservas has-post-thumbnail sold-individually shipping-taxable purchasable product-type-booking\">\n\t<a href=\"https:\/\/www.atacama.tours\/en\/tour\/tour-al-vallecito\/\" class=\"woocommerce-LoopProduct-link woocommerce-loop-product__link\"><img decoding=\"async\" width=\"300\" height=\"300\" src=\"https:\/\/www.atacama.tours\/wp-content\/uploads\/2025\/07\/Vallecito--300x300.png\" class=\"attachment-woocommerce_thumbnail size-woocommerce_thumbnail\" alt=\"Tour al vallecito\" srcset=\"https:\/\/www.atacama.tours\/wp-content\/uploads\/2025\/07\/Vallecito--300x300.png 300w, https:\/\/www.atacama.tours\/wp-content\/uploads\/2025\/07\/Vallecito--1024x1024.png 1024w, https:\/\/www.atacama.tours\/wp-content\/uploads\/2025\/07\/Vallecito--150x150.png 150w, https:\/\/www.atacama.tours\/wp-content\/uploads\/2025\/07\/Vallecito--768x768.png 768w, https:\/\/www.atacama.tours\/wp-content\/uploads\/2025\/07\/Vallecito--12x12.png 12w, https:\/\/www.atacama.tours\/wp-content\/uploads\/2025\/07\/Vallecito--600x600.png 600w, https:\/\/www.atacama.tours\/wp-content\/uploads\/2025\/07\/Vallecito--100x100.png 100w, https:\/\/www.atacama.tours\/wp-content\/uploads\/2025\/07\/Vallecito--64x64.png 64w, https:\/\/www.atacama.tours\/wp-content\/uploads\/2025\/07\/Vallecito-.png 1080w\" sizes=\"(max-width: 300px) 100vw, 300px\" \/><h2 class=\"woocommerce-loop-product__title\">Tour to the Vallecito<\/h2>\n\t<span class=\"price\">From: <span class=\"woocommerce-Price-amount amount\"><bdi><span class=\"woocommerce-Price-currencySymbol\">&#36;<\/span>500.000<\/bdi><\/span><\/span>\n<\/a><a href=\"https:\/\/www.atacama.tours\/en\/tour\/tour-al-vallecito\/\" aria-describedby=\"woocommerce_loop_add_to_cart_link_describedby_10227\" data-quantity=\"1\" class=\"button product_type_booking add_to_cart_button\" data-product_id=\"10227\" data-product_sku=\"\" aria-label=\"Read more about \u201cTour al vallecito\u201d\" rel=\"nofollow\" data-no-translation=\"\" data-trp-gettext=\"\" data-no-translation-aria-label=\"\">Read more<\/a>\t<span id=\"woocommerce_loop_add_to_cart_link_describedby_10227\" class=\"screen-reader-text\">\n\t\t\t<\/span>\n<\/li>\n<li class=\"product type-product post-10152 status-publish instock product_cat-reservas has-post-thumbnail sold-individually shipping-taxable purchasable product-type-booking\">\n\t<a href=\"https:\/\/www.atacama.tours\/en\/tour\/tour-chaxa-toconao-y-jere\/\" class=\"woocommerce-LoopProduct-link woocommerce-loop-product__link\"><img decoding=\"async\" width=\"300\" height=\"300\" src=\"https:\/\/www.atacama.tours\/wp-content\/uploads\/2026\/04\/Tour-Chaxa-Toconao-y-Jere-300x300.webp\" class=\"attachment-woocommerce_thumbnail size-woocommerce_thumbnail\" alt=\"Tour Chaxa, Toconao y Jere\" srcset=\"https:\/\/www.atacama.tours\/wp-content\/uploads\/2026\/04\/Tour-Chaxa-Toconao-y-Jere-300x300.webp 300w, https:\/\/www.atacama.tours\/wp-content\/uploads\/2026\/04\/Tour-Chaxa-Toconao-y-Jere-1024x1024.webp 1024w, https:\/\/www.atacama.tours\/wp-content\/uploads\/2026\/04\/Tour-Chaxa-Toconao-y-Jere-150x150.webp 150w, https:\/\/www.atacama.tours\/wp-content\/uploads\/2026\/04\/Tour-Chaxa-Toconao-y-Jere-768x768.webp 768w, https:\/\/www.atacama.tours\/wp-content\/uploads\/2026\/04\/Tour-Chaxa-Toconao-y-Jere-12x12.webp 12w, https:\/\/www.atacama.tours\/wp-content\/uploads\/2026\/04\/Tour-Chaxa-Toconao-y-Jere-600x600.webp 600w, https:\/\/www.atacama.tours\/wp-content\/uploads\/2026\/04\/Tour-Chaxa-Toconao-y-Jere-100x100.webp 100w, https:\/\/www.atacama.tours\/wp-content\/uploads\/2026\/04\/Tour-Chaxa-Toconao-y-Jere-64x64.webp 64w, https:\/\/www.atacama.tours\/wp-content\/uploads\/2026\/04\/Tour-Chaxa-Toconao-y-Jere.webp 1080w\" sizes=\"(max-width: 300px) 100vw, 300px\" \/><h2 class=\"woocommerce-loop-product__title\">Chaxa, Toconao and Jere Tour<\/h2>\n\t<span class=\"price\">From: <span class=\"woocommerce-Price-amount amount\"><bdi><span class=\"woocommerce-Price-currencySymbol\">&#36;<\/span>500.000<\/bdi><\/span><\/span>\n<\/a><a href=\"https:\/\/www.atacama.tours\/en\/tour\/tour-chaxa-toconao-y-jere\/\" aria-describedby=\"woocommerce_loop_add_to_cart_link_describedby_10152\" data-quantity=\"1\" class=\"button product_type_booking add_to_cart_button\" data-product_id=\"10152\" data-product_sku=\"\" aria-label=\"Read more about \u201cTour Chaxa, Toconao y Jere\u201d\" rel=\"nofollow\" data-no-translation=\"\" data-trp-gettext=\"\" data-no-translation-aria-label=\"\">Read more<\/a>\t<span id=\"woocommerce_loop_add_to_cart_link_describedby_10152\" class=\"screen-reader-text\">\n\t\t\t<\/span>\n<\/li>\n<li class=\"product type-product post-3029 status-publish last instock product_cat-reservas product_tag-atacama product_tag-tour-clasico product_tag-valle-de-la-luna has-post-thumbnail sold-individually shipping-taxable purchasable product-type-booking\">\n\t<a href=\"https:\/\/www.atacama.tours\/en\/tour\/laguna-cejar\/\" class=\"woocommerce-LoopProduct-link woocommerce-loop-product__link\"><img loading=\"lazy\" decoding=\"async\" width=\"300\" height=\"300\" src=\"https:\/\/www.atacama.tours\/wp-content\/uploads\/2025\/06\/Laguna-cejar-300x300.webp\" class=\"attachment-woocommerce_thumbnail size-woocommerce_thumbnail\" alt=\"Laguna cejar\" srcset=\"https:\/\/www.atacama.tours\/wp-content\/uploads\/2025\/06\/Laguna-cejar-300x300.webp 300w, https:\/\/www.atacama.tours\/wp-content\/uploads\/2025\/06\/Laguna-cejar-1024x1024.webp 1024w, https:\/\/www.atacama.tours\/wp-content\/uploads\/2025\/06\/Laguna-cejar-150x150.webp 150w, https:\/\/www.atacama.tours\/wp-content\/uploads\/2025\/06\/Laguna-cejar-768x768.webp 768w, https:\/\/www.atacama.tours\/wp-content\/uploads\/2025\/06\/Laguna-cejar-12x12.webp 12w, https:\/\/www.atacama.tours\/wp-content\/uploads\/2025\/06\/Laguna-cejar-600x600.webp 600w, https:\/\/www.atacama.tours\/wp-content\/uploads\/2025\/06\/Laguna-cejar-100x100.webp 100w, https:\/\/www.atacama.tours\/wp-content\/uploads\/2025\/06\/Laguna-cejar-64x64.webp 64w, https:\/\/www.atacama.tours\/wp-content\/uploads\/2025\/06\/Laguna-cejar.webp 1080w\" sizes=\"(max-width: 300px) 100vw, 300px\" \/><h2 class=\"woocommerce-loop-product__title\">Cejar Lagoon Tour<\/h2>\n\t<span class=\"price\">From: <span class=\"woocommerce-Price-amount amount\"><bdi><span class=\"woocommerce-Price-currencySymbol\">&#36;<\/span>500.000<\/bdi><\/span><\/span>\n<\/a><a href=\"https:\/\/www.atacama.tours\/en\/tour\/laguna-cejar\/\" aria-describedby=\"woocommerce_loop_add_to_cart_link_describedby_3029\" data-quantity=\"1\" class=\"button product_type_booking add_to_cart_button\" data-product_id=\"3029\" data-product_sku=\"\" aria-label=\"Read more about \u201cTour Laguna Cejar\u201d\" rel=\"nofollow\" data-no-translation=\"\" data-trp-gettext=\"\" data-no-translation-aria-label=\"\">Read more<\/a>\t<span id=\"woocommerce_loop_add_to_cart_link_describedby_3029\" class=\"screen-reader-text\">\n\t\t\t<\/span>\n<\/li>\n<\/ul>\n<\/div>\t\t\t\t<\/div>\n\t\t\t\t<\/div>\n\t\t\t\t\t<\/div>\n\t\t<\/div>\n\t\t\t\t\t<\/div>\n\t\t<\/section>\n\t\t\t\t<\/div>","protected":false},"excerpt":{"rendered":"<p>Carrito de Compras Recuerda agendar con un m\u00ednimo de 2-3 d\u00edas de anticipaci\u00f3n. Seguir escogiendo Tours Tu carrito est\u00e1 vac\u00edo. Reserva los Tours relacionados<\/p>","protected":false},"author":2,"featured_media":4650,"parent":0,"menu_order":0,"comment_status":"closed","ping_status":"closed","template":"elementor_header_footer","meta":{"footnotes":""},"class_list":["post-1529","page","type-page","status-publish","has-post-thumbnail","hentry"],"_links":{"self":[{"href":"https:\/\/www.atacama.tours\/en\/wp-json\/wp\/v2\/pages\/1529","targetHints":{"allow":["GET"]}}],"collection":[{"href":"https:\/\/www.atacama.tours\/en\/wp-json\/wp\/v2\/pages"}],"about":[{"href":"https:\/\/www.atacama.tours\/en\/wp-json\/wp\/v2\/types\/page"}],"author":[{"embeddable":true,"href":"https:\/\/www.atacama.tours\/en\/wp-json\/wp\/v2\/users\/2"}],"replies":[{"embeddable":true,"href":"https:\/\/www.atacama.tours\/en\/wp-json\/wp\/v2\/comments?post=1529"}],"version-history":[{"count":4,"href":"https:\/\/www.atacama.tours\/en\/wp-json\/wp\/v2\/pages\/1529\/revisions"}],"predecessor-version":[{"id":7681,"href":"https:\/\/www.atacama.tours\/en\/wp-json\/wp\/v2\/pages\/1529\/revisions\/7681"}],"wp:featuredmedia":[{"embeddable":true,"href":"https:\/\/www.atacama.tours\/en\/wp-json\/wp\/v2\/media\/4650"}],"wp:attachment":[{"href":"https:\/\/www.atacama.tours\/en\/wp-json\/wp\/v2\/media?parent=1529"}],"curies":[{"name":"wp","href":"https:\/\/api.w.org\/{rel}","templated":true}]}}