{"id":6078,"date":"2025-02-24T15:58:13","date_gmt":"2025-02-24T19:58:13","guid":{"rendered":"https:\/\/www.atacama.tours\/aviso-legal-imprint\/"},"modified":"2025-04-29T10:11:04","modified_gmt":"2025-04-29T14:11:04","slug":"aviso-legal-imprint","status":"publish","type":"page","link":"https:\/\/www.atacama.tours\/en\/aviso-legal-imprint\/","title":{"rendered":"Legal Notice \/ Imprint"},"content":{"rendered":"<div data-elementor-type=\"wp-page\" data-elementor-id=\"6078\" class=\"elementor elementor-6078\" data-elementor-post-type=\"page\">\n\t\t\t\t<div class=\"elementor-element elementor-element-7859d10 e-con-full e-flex e-con e-parent\" data-id=\"7859d10\" data-element_type=\"container\">\n\t\t<div class=\"elementor-element elementor-element-81499bf e-con-full e-flex e-con e-child\" data-id=\"81499bf\" data-element_type=\"container\">\n\t\t\t\t<div class=\"elementor-element elementor-element-3ca1478 elementor-widget elementor-widget-heading\" data-id=\"3ca1478\" data-element_type=\"widget\" data-widget_type=\"heading.default\">\n\t\t\t\t<div class=\"elementor-widget-container\">\n\t\t\t\t\t<h1 class=\"elementor-heading-title elementor-size-default\">Legal Notice<\/h1>\t\t\t\t<\/div>\n\t\t\t\t<\/div>\n\t\t\t\t<div class=\"elementor-element elementor-element-bc0c2a0 elementor-widget elementor-widget-heading\" data-id=\"bc0c2a0\" data-element_type=\"widget\" data-widget_type=\"heading.default\">\n\t\t\t\t<div class=\"elementor-widget-container\">\n\t\t\t\t\t<h2 class=\"elementor-heading-title elementor-size-default\">1. Introduction<\/h2>\t\t\t\t<\/div>\n\t\t\t\t<\/div>\n\t\t\t\t<div class=\"elementor-element elementor-element-57074da elementor-widget elementor-widget-text-editor\" data-id=\"57074da\" data-element_type=\"widget\" data-widget_type=\"text-editor.default\">\n\t\t\t\t<div class=\"elementor-widget-container\">\n\t\t\t\t\t\t\t\t\t<p data-pm-slice=\"1 1 []\">In compliance with current legislation on electronic commerce and data protection, we inform the users of the website <a href=\"https:\/\/www.atacama.tours\/en\/\" target=\"_blank\" rel=\"noopener\">https:\/\/www.atacama.tours\/<\/a> on the legal terms applicable to its use.<\/p><ul data-spread=\"false\" data-pm-slice=\"3 3 []\"><li><p><strong>Headline:<\/strong> Society and investments Atacama Tours Spa<\/p><\/li><li><p><strong>Registered Office:<\/strong> San Pedro de Atacama, Chile<\/p><\/li><li><p><strong>Contact Email: <\/strong><a href=\"mailto:info@atacama.tours\">info@atacama.tours<\/a><\/p><\/li><li><p><strong>Contact Phone:<\/strong> +56 9 7783 4208<\/p><\/li><\/ul>\t\t\t\t\t\t\t\t<\/div>\n\t\t\t\t<\/div>\n\t\t\t\t<div class=\"elementor-element elementor-element-da7c3c6 elementor-widget elementor-widget-heading\" data-id=\"da7c3c6\" data-element_type=\"widget\" data-widget_type=\"heading.default\">\n\t\t\t\t<div class=\"elementor-widget-container\">\n\t\t\t\t\t<h2 class=\"elementor-heading-title elementor-size-default\">2. Conditions of Use<\/h2>\t\t\t\t<\/div>\n\t\t\t\t<\/div>\n\t\t\t\t<div class=\"elementor-element elementor-element-3fe42f6 elementor-widget elementor-widget-text-editor\" data-id=\"3fe42f6\" data-element_type=\"widget\" data-widget_type=\"text-editor.default\">\n\t\t\t\t<div class=\"elementor-widget-container\">\n\t\t\t\t\t\t\t\t\t<p data-pm-slice=\"1 1 []\">Access and use of the website attributes the condition of user and implies full and unreserved acceptance of the provisions included in this Legal Notice in the version published at the time of access.<\/p><p>Users agree to use this website in a lawful and appropriate manner, respecting the legislation in force and avoiding any activity that may harm the rights of Atacama Tours or third parties.<\/p>\t\t\t\t\t\t\t\t<\/div>\n\t\t\t\t<\/div>\n\t\t\t\t<div class=\"elementor-element elementor-element-4c2a635 elementor-widget elementor-widget-heading\" data-id=\"4c2a635\" data-element_type=\"widget\" data-widget_type=\"heading.default\">\n\t\t\t\t<div class=\"elementor-widget-container\">\n\t\t\t\t\t<h2 class=\"elementor-heading-title elementor-size-default\">3. Intellectual and Industrial Property<\/h2>\t\t\t\t<\/div>\n\t\t\t\t<\/div>\n\t\t\t\t<div class=\"elementor-element elementor-element-b0fa538 elementor-widget elementor-widget-text-editor\" data-id=\"b0fa538\" data-element_type=\"widget\" data-widget_type=\"text-editor.default\">\n\t\t\t\t<div class=\"elementor-widget-container\">\n\t\t\t\t\t\t\t\t\t<p data-pm-slice=\"1 1 []\">All contents, designs, logos, texts, graphics, images and software of this website are property of Atacama Tours or have the due authorization of their owners for their use.<\/p><p>Reproduction, distribution or modification without the express permission of the copyright holder is prohibited. Unauthorized use of the contents may result in legal action.<\/p>\t\t\t\t\t\t\t\t<\/div>\n\t\t\t\t<\/div>\n\t\t\t\t<div class=\"elementor-element elementor-element-c731447 elementor-widget elementor-widget-heading\" data-id=\"c731447\" data-element_type=\"widget\" data-widget_type=\"heading.default\">\n\t\t\t\t<div class=\"elementor-widget-container\">\n\t\t\t\t\t<h2 class=\"elementor-heading-title elementor-size-default\">4. Responsibility<\/h2>\t\t\t\t<\/div>\n\t\t\t\t<\/div>\n\t\t\t\t<div class=\"elementor-element elementor-element-cd26a17 elementor-widget elementor-widget-text-editor\" data-id=\"cd26a17\" data-element_type=\"widget\" data-widget_type=\"text-editor.default\">\n\t\t\t\t<div class=\"elementor-widget-container\">\n\t\t\t\t\t\t\t\t\t<ul data-spread=\"false\" data-pm-slice=\"3 3 []\"><li><p>Atacama Tours is not responsible for any damages resulting from the use of the website, including viruses, software errors or service interruptions.<\/p><\/li><li><p>We do not guarantee the permanent availability of the site or the absence of technical failures.<\/p><\/li><li><p>Atacama Tours reserves the right to modify, update or delete the contents without prior notice.<\/p><\/li><\/ul>\t\t\t\t\t\t\t\t<\/div>\n\t\t\t\t<\/div>\n\t\t\t\t<div class=\"elementor-element elementor-element-8f733d0 elementor-widget elementor-widget-heading\" data-id=\"8f733d0\" data-element_type=\"widget\" data-widget_type=\"heading.default\">\n\t\t\t\t<div class=\"elementor-widget-container\">\n\t\t\t\t\t<h2 class=\"elementor-heading-title elementor-size-default\">5. Links to Third Parties<\/h2>\t\t\t\t<\/div>\n\t\t\t\t<\/div>\n\t\t\t\t<div class=\"elementor-element elementor-element-dbcad73 elementor-widget elementor-widget-text-editor\" data-id=\"dbcad73\" data-element_type=\"widget\" data-widget_type=\"text-editor.default\">\n\t\t\t\t<div class=\"elementor-widget-container\">\n\t\t\t\t\t\t\t\t\t<p data-pm-slice=\"1 1 []\">This website may contain links to third party sites for the purpose of providing additional information or complementary services. Atacama Tours is not responsible for the content or privacy policies of such sites.<\/p>\t\t\t\t\t\t\t\t<\/div>\n\t\t\t\t<\/div>\n\t\t\t\t<div class=\"elementor-element elementor-element-c865393 elementor-widget elementor-widget-heading\" data-id=\"c865393\" data-element_type=\"widget\" data-widget_type=\"heading.default\">\n\t\t\t\t<div class=\"elementor-widget-container\">\n\t\t\t\t\t<h2 class=\"elementor-heading-title elementor-size-default\">6. Applicable Law and Jurisdiction<\/h2>\t\t\t\t<\/div>\n\t\t\t\t<\/div>\n\t\t\t\t<div class=\"elementor-element elementor-element-0d88683 elementor-widget elementor-widget-text-editor\" data-id=\"0d88683\" data-element_type=\"widget\" data-widget_type=\"text-editor.default\">\n\t\t\t\t<div class=\"elementor-widget-container\">\n\t\t\t\t\t\t\t\t\t<p data-pm-slice=\"1 1 []\">This Legal Notice is governed by the laws in force in Chile. For any dispute arising from the use of the website, the parties agree to submit to the competent courts of the domicile of the owner of the website.<\/p><p>By using our platform and contracting our services, users fully accept the terms herein.<\/p>\t\t\t\t\t\t\t\t<\/div>\n\t\t\t\t<\/div>\n\t\t\t\t<div class=\"elementor-element elementor-element-9c01ae1 elementor-widget elementor-widget-heading\" data-id=\"9c01ae1\" data-element_type=\"widget\" data-widget_type=\"heading.default\">\n\t\t\t\t<div class=\"elementor-widget-container\">\n\t\t\t\t\t<h2 class=\"elementor-heading-title elementor-size-default\">7. Contact<\/h2>\t\t\t\t<\/div>\n\t\t\t\t<\/div>\n\t\t\t\t<div class=\"elementor-element elementor-element-4a0e2f5 elementor-widget elementor-widget-text-editor\" data-id=\"4a0e2f5\" data-element_type=\"widget\" data-widget_type=\"text-editor.default\">\n\t\t\t\t<div class=\"elementor-widget-container\">\n\t\t\t\t\t\t\t\t\t<p data-pm-slice=\"1 1 []\">If the user has any doubts or questions about this Legal Notice, he\/she can contact us through our e-mail address <a href=\"mailto:info@atacama.tours\">info@atacama.tours<\/a> or via the contact form on our website.<\/p>\t\t\t\t\t\t\t\t<\/div>\n\t\t\t\t<\/div>\n\t\t\t\t<\/div>\n\t\t\t\t<\/div>\n\t\t\t\t<\/div>","protected":false},"excerpt":{"rendered":"<p>Aviso Legal 1. Introducci\u00f3n En cumplimiento con la normativa vigente en materia de comercio electr\u00f3nico y protecci\u00f3n de datos, se informa a los usuarios de la web https:\/\/www.atacama.tours\/ sobre los t\u00e9rminos legales aplicables a su uso. Titular: Sociedad e inversiones Atacama Tours Spa Domicilio Social: San Pedro de Atacama, Chile Correo Electr\u00f3nico de Contacto: info@atacama.tours [&hellip;]<\/p>","protected":false},"author":2,"featured_media":4650,"parent":0,"menu_order":0,"comment_status":"closed","ping_status":"closed","template":"","meta":{"footnotes":""},"class_list":["post-6078","page","type-page","status-publish","has-post-thumbnail","hentry"],"_links":{"self":[{"href":"https:\/\/www.atacama.tours\/en\/wp-json\/wp\/v2\/pages\/6078","targetHints":{"allow":["GET"]}}],"collection":[{"href":"https:\/\/www.atacama.tours\/en\/wp-json\/wp\/v2\/pages"}],"about":[{"href":"https:\/\/www.atacama.tours\/en\/wp-json\/wp\/v2\/types\/page"}],"author":[{"embeddable":true,"href":"https:\/\/www.atacama.tours\/en\/wp-json\/wp\/v2\/users\/2"}],"replies":[{"embeddable":true,"href":"https:\/\/www.atacama.tours\/en\/wp-json\/wp\/v2\/comments?post=6078"}],"version-history":[{"count":7,"href":"https:\/\/www.atacama.tours\/en\/wp-json\/wp\/v2\/pages\/6078\/revisions"}],"predecessor-version":[{"id":7676,"href":"https:\/\/www.atacama.tours\/en\/wp-json\/wp\/v2\/pages\/6078\/revisions\/7676"}],"wp:featuredmedia":[{"embeddable":true,"href":"https:\/\/www.atacama.tours\/en\/wp-json\/wp\/v2\/media\/4650"}],"wp:attachment":[{"href":"https:\/\/www.atacama.tours\/en\/wp-json\/wp\/v2\/media?parent=6078"}],"curies":[{"name":"wp","href":"https:\/\/api.w.org\/{rel}","templated":true}]}}