{"id":6079,"date":"2025-02-24T15:58:13","date_gmt":"2025-02-24T19:58:13","guid":{"rendered":"https:\/\/www.atacama.tours\/descargo-de-responsabilidad\/"},"modified":"2025-04-29T10:14:18","modified_gmt":"2025-04-29T14:14:18","slug":"descargo-de-responsabilidad","status":"publish","type":"page","link":"https:\/\/www.atacama.tours\/en\/descargo-de-responsabilidad\/","title":{"rendered":"Disclaimer of liability"},"content":{"rendered":"<div data-elementor-type=\"wp-page\" data-elementor-id=\"6079\" class=\"elementor elementor-6079\" data-elementor-post-type=\"page\">\n\t\t\t\t<div class=\"elementor-element elementor-element-bf7e752 e-con-full e-flex e-con e-parent\" data-id=\"bf7e752\" data-element_type=\"container\">\n\t\t<div class=\"elementor-element elementor-element-3ea6489 e-con-full e-flex e-con e-child\" data-id=\"3ea6489\" data-element_type=\"container\">\n\t\t\t\t<div class=\"elementor-element elementor-element-611a2dc elementor-widget elementor-widget-heading\" data-id=\"611a2dc\" data-element_type=\"widget\" data-widget_type=\"heading.default\">\n\t\t\t\t<div class=\"elementor-widget-container\">\n\t\t\t\t\t<h1 class=\"elementor-heading-title elementor-size-default\">Disclaimer of liability <\/h1>\t\t\t\t<\/div>\n\t\t\t\t<\/div>\n\t\t\t\t<div class=\"elementor-element elementor-element-45dfee0 elementor-widget elementor-widget-text-editor\" data-id=\"45dfee0\" data-element_type=\"widget\" data-widget_type=\"text-editor.default\">\n\t\t\t\t<div class=\"elementor-widget-container\">\n\t\t\t\t\t\t\t\t\t<p>Atacama Tours is committed to keeping this website updated and accurate. Should you nevertheless find anything incorrect or out of date, we would appreciate it if you would let us know. Please indicate where on the website you have read the information. We will check it as soon as possible. Please send your question by e-mail to: <a href=\"mailto:info@atacama.tours\">info@atacama.tours<\/a><\/p><p>We are not responsible for losses resulting from inaccuracies or incomplete data, or for losses resulting from problems caused by or inherent in the dissemination of information over the Internet, such as interruptions or failures. When using web forms, we strive to limit the number of required fields to a minimum. For any loss suffered as a result of the use of data, advice or ideas provided by or on behalf of Atacama Tours through this website, Atacama Tours accepts no liability.<\/p><p>All intellectual property rights on the content of this website belong to third parties who have placed the content themselves or from whom Atacama Tours has obtained a user license.<\/p><p>Copying, dissemination and any other use of these materials is not permitted without the written permission of Atacama Tours, except and only to the extent otherwise stipulated in mandatory law regulations (such as the right of quotation), unless the specific content dictates otherwise.<\/p><p>If you have any questions or problems with the accessibility of the website, please do not hesitate to contact us.<\/p>\t\t\t\t\t\t\t\t<\/div>\n\t\t\t\t<\/div>\n\t\t\t\t<\/div>\n\t\t\t\t<\/div>\n\t\t\t\t<\/div>","protected":false},"excerpt":{"rendered":"<p>Descargo de responsabilidad Atacama Tours se compromete a mantener esta web actualizada y precisa. Si, a pesar de todo, encontrara algo incorrecto o desactualizado, le agradecer\u00edamos que nos lo hiciera saber. Por favor, indique en qu\u00e9 parte de la web ha le\u00eddo la informaci\u00f3n. La revisaremos lo antes posible. Por favor, env\u00ede su duda por [&hellip;]<\/p>","protected":false},"author":2,"featured_media":4650,"parent":0,"menu_order":0,"comment_status":"closed","ping_status":"closed","template":"","meta":{"footnotes":""},"class_list":["post-6079","page","type-page","status-publish","has-post-thumbnail","hentry"],"_links":{"self":[{"href":"https:\/\/www.atacama.tours\/en\/wp-json\/wp\/v2\/pages\/6079","targetHints":{"allow":["GET"]}}],"collection":[{"href":"https:\/\/www.atacama.tours\/en\/wp-json\/wp\/v2\/pages"}],"about":[{"href":"https:\/\/www.atacama.tours\/en\/wp-json\/wp\/v2\/types\/page"}],"author":[{"embeddable":true,"href":"https:\/\/www.atacama.tours\/en\/wp-json\/wp\/v2\/users\/2"}],"replies":[{"embeddable":true,"href":"https:\/\/www.atacama.tours\/en\/wp-json\/wp\/v2\/comments?post=6079"}],"version-history":[{"count":12,"href":"https:\/\/www.atacama.tours\/en\/wp-json\/wp\/v2\/pages\/6079\/revisions"}],"predecessor-version":[{"id":7688,"href":"https:\/\/www.atacama.tours\/en\/wp-json\/wp\/v2\/pages\/6079\/revisions\/7688"}],"wp:featuredmedia":[{"embeddable":true,"href":"https:\/\/www.atacama.tours\/en\/wp-json\/wp\/v2\/media\/4650"}],"wp:attachment":[{"href":"https:\/\/www.atacama.tours\/en\/wp-json\/wp\/v2\/media?parent=6079"}],"curies":[{"name":"wp","href":"https:\/\/api.w.org\/{rel}","templated":true}]}}