{"id":6101,"date":"2025-02-24T16:12:40","date_gmt":"2025-02-24T20:12:40","guid":{"rendered":"https:\/\/www.atacama.tours\/?page_id=6101"},"modified":"2025-06-11T21:27:36","modified_gmt":"2025-06-12T01:27:36","slug":"terminos-y-condiciones","status":"publish","type":"page","link":"https:\/\/www.atacama.tours\/en\/terminos-y-condiciones\/","title":{"rendered":"Terms and Conditions"},"content":{"rendered":"<div data-elementor-type=\"wp-page\" data-elementor-id=\"6101\" class=\"elementor elementor-6101\" data-elementor-post-type=\"page\">\n\t\t\t\t<div class=\"elementor-element elementor-element-d10f134 e-con-full e-flex e-con e-parent\" data-id=\"d10f134\" data-element_type=\"container\">\n\t\t<div class=\"elementor-element elementor-element-711ee52 e-con-full e-flex e-con e-child\" data-id=\"711ee52\" data-element_type=\"container\">\n\t\t\t\t<div class=\"elementor-element elementor-element-fc47b2b elementor-widget elementor-widget-heading\" data-id=\"fc47b2b\" data-element_type=\"widget\" data-widget_type=\"heading.default\">\n\t\t\t\t<div class=\"elementor-widget-container\">\n\t\t\t\t\t<h1 class=\"elementor-heading-title elementor-size-default\">Terms and Conditions<\/h1>\t\t\t\t<\/div>\n\t\t\t\t<\/div>\n\t\t\t\t<div class=\"elementor-element elementor-element-0ec2830 elementor-widget elementor-widget-heading\" data-id=\"0ec2830\" data-element_type=\"widget\" data-widget_type=\"heading.default\">\n\t\t\t\t<div class=\"elementor-widget-container\">\n\t\t\t\t\t<h2 class=\"elementor-heading-title elementor-size-default\">1. Introduction<\/h2>\t\t\t\t<\/div>\n\t\t\t\t<\/div>\n\t\t\t\t<div class=\"elementor-element elementor-element-0f9e61f elementor-widget elementor-widget-text-editor\" data-id=\"0f9e61f\" data-element_type=\"widget\" data-widget_type=\"text-editor.default\">\n\t\t\t\t<div class=\"elementor-widget-container\">\n\t\t\t\t\t\t\t\t\t<p data-pm-slice=\"1 1 []\">These terms and conditions regulate the use of the reservation platform and the tourist services offered by Atacama Tours. By making a reservation, the user expressly accepts these terms in their entirety.<\/p>\t\t\t\t\t\t\t\t<\/div>\n\t\t\t\t<\/div>\n\t\t\t\t<div class=\"elementor-element elementor-element-a4ab414 elementor-widget elementor-widget-heading\" data-id=\"a4ab414\" data-element_type=\"widget\" data-widget_type=\"heading.default\">\n\t\t\t\t<div class=\"elementor-widget-container\">\n\t\t\t\t\t<h2 class=\"elementor-heading-title elementor-size-default\">2. Reservations and Payments<\/h2>\t\t\t\t<\/div>\n\t\t\t\t<\/div>\n\t\t\t\t<div class=\"elementor-element elementor-element-786717a elementor-widget elementor-widget-text-editor\" data-id=\"786717a\" data-element_type=\"widget\" data-widget_type=\"text-editor.default\">\n\t\t\t\t<div class=\"elementor-widget-container\">\n\t\t\t\t\t\t\t\t\t<ul data-spread=\"false\" data-pm-slice=\"3 3 []\"><li><p>All reservations are subject to availability and confirmation by Atacama Tours.<\/p><\/li><li><p>Payment must be made through the secure methods offered on our platform.<\/p><\/li><li><p>The user will receive a confirmation email with all the details of his reservation.<\/p><\/li><li><p>Some services may require a deposit to guarantee the reservation.<\/p><\/li><\/ul>\t\t\t\t\t\t\t\t<\/div>\n\t\t\t\t<\/div>\n\t\t\t\t<div class=\"elementor-element elementor-element-9a0a7e8 elementor-widget elementor-widget-heading\" data-id=\"9a0a7e8\" data-element_type=\"widget\" data-widget_type=\"heading.default\">\n\t\t\t\t<div class=\"elementor-widget-container\">\n\t\t\t\t\t<h2 class=\"elementor-heading-title elementor-size-default\">3. Cancellation and Refund Policy<\/h2>\t\t\t\t<\/div>\n\t\t\t\t<\/div>\n\t\t\t\t<div class=\"elementor-element elementor-element-2de87d9 elementor-widget elementor-widget-text-editor\" data-id=\"2de87d9\" data-element_type=\"widget\" data-widget_type=\"text-editor.default\">\n\t\t\t\t<div class=\"elementor-widget-container\">\n\t\t\t\t\t\t\t\t\t<ul data-spread=\"false\" data-pm-slice=\"3 3 []\"><li><p>Cancellations with <strong>more than 48 hours in advance<\/strong> will receive a <strong>full reimbursement<\/strong>.<\/p><\/li><li><p>Cancellations between <strong>48 and 24 hours prior to service<\/strong> may receive a <strong>partial reimbursement<\/strong>.<\/p><\/li><li><p>Cancellations with <strong>less than 24 hours in advance<\/strong> are non-refundable.<\/p><\/li><li><p>Failure of the user to appear without prior notice will result in the loss of the right to reimbursement.<\/p><\/li><li><p>If Atacama Tours cancels a service due to force majeure, a rescheduling of the service or a full refund will be offered.<\/p><\/li><\/ul>\t\t\t\t\t\t\t\t<\/div>\n\t\t\t\t<\/div>\n\t\t\t\t<div class=\"elementor-element elementor-element-de080ed elementor-widget elementor-widget-heading\" data-id=\"de080ed\" data-element_type=\"widget\" data-widget_type=\"heading.default\">\n\t\t\t\t<div class=\"elementor-widget-container\">\n\t\t\t\t\t<h2 class=\"elementor-heading-title elementor-size-default\">4. Obligations and Responsibilities of the User<\/h2>\t\t\t\t<\/div>\n\t\t\t\t<\/div>\n\t\t\t\t<div class=\"elementor-element elementor-element-ffc19a1 elementor-widget elementor-widget-text-editor\" data-id=\"ffc19a1\" data-element_type=\"widget\" data-widget_type=\"text-editor.default\">\n\t\t\t\t<div class=\"elementor-widget-container\">\n\t\t\t\t\t\t\t\t\t<ul data-spread=\"false\" data-pm-slice=\"3 3 []\"><li><p>The user must provide truthful and updated information at the time of booking.<\/p><\/li><li><p>It is your responsibility to show up punctually at the established meeting point.<\/p><\/li><li><p>If special assistance is required, the user must inform in advance.<\/p><\/li><\/ul><p data-pm-slice=\"1 1 []\"><strong>5. Modifications and Cancellations of Services by Atacama Tours<\/strong><br \/>We reserve the right to modify schedules, itineraries or cancel tours due to unforeseen circumstances or force majeure. In these cases, affected users will be notified in a timely manner.<\/p>\t\t\t\t\t\t\t\t<\/div>\n\t\t\t\t<\/div>\n\t\t\t\t<div class=\"elementor-element elementor-element-c8ac75d elementor-widget elementor-widget-heading\" data-id=\"c8ac75d\" data-element_type=\"widget\" data-widget_type=\"heading.default\">\n\t\t\t\t<div class=\"elementor-widget-container\">\n\t\t\t\t\t<h2 class=\"elementor-heading-title elementor-size-default\">6. Disclaimer of Liability<\/h2>\t\t\t\t<\/div>\n\t\t\t\t<\/div>\n\t\t\t\t<div class=\"elementor-element elementor-element-2ee8883 elementor-widget elementor-widget-text-editor\" data-id=\"2ee8883\" data-element_type=\"widget\" data-widget_type=\"text-editor.default\">\n\t\t\t\t<div class=\"elementor-widget-container\">\n\t\t\t\t\t\t\t\t\t<ul data-spread=\"false\" data-pm-slice=\"3 3 []\"><li><p>Atacama Tours is not responsible for cancellations or modifications due to adverse weather conditions, natural disasters or other circumstances beyond our control.<\/p><\/li><li><p>We do not assume responsibility for lost objects or personal damages while participating in our tours.<\/p><\/li><\/ul>\t\t\t\t\t\t\t\t<\/div>\n\t\t\t\t<\/div>\n\t\t\t\t<div class=\"elementor-element elementor-element-d97f207 elementor-widget elementor-widget-heading\" data-id=\"d97f207\" data-element_type=\"widget\" data-widget_type=\"heading.default\">\n\t\t\t\t<div class=\"elementor-widget-container\">\n\t\t\t\t\t<h2 class=\"elementor-heading-title elementor-size-default\">7. Contact and Customer Service<\/h2>\t\t\t\t<\/div>\n\t\t\t\t<\/div>\n\t\t\t\t<div class=\"elementor-element elementor-element-54efc94 elementor-widget elementor-widget-text-editor\" data-id=\"54efc94\" data-element_type=\"widget\" data-widget_type=\"text-editor.default\">\n\t\t\t\t<div class=\"elementor-widget-container\">\n\t\t\t\t\t\t\t\t\t<p>For questions, changes, or cancellations, users can contact us through our website, email, or WhatsApp. Our team will be happy to provide assistance and address any concerns.<\/p><p>By using our platform and contracting our services, users fully accept the terms herein.<\/p>\t\t\t\t\t\t\t\t<\/div>\n\t\t\t\t<\/div>\n\t\t\t\t<\/div>\n\t\t\t\t<\/div>\n\t\t\t\t<\/div>","protected":false},"excerpt":{"rendered":"<p>T\u00e9rminos y Condiciones 1. Introducci\u00f3n Estos t\u00e9rminos y condiciones regulan el uso de la plataforma de reservas y los servicios tur\u00edsticos ofrecidos por Atacama Tours. Al realizar una reserva, el usuario acepta expresamente estos t\u00e9rminos en su totalidad. 2. Reservas y Pagos Todas las reservas est\u00e1n sujetas a disponibilidad y confirmaci\u00f3n por parte de Atacama [&hellip;]<\/p>","protected":false},"author":2,"featured_media":4650,"parent":0,"menu_order":0,"comment_status":"closed","ping_status":"closed","template":"","meta":{"footnotes":""},"class_list":["post-6101","page","type-page","status-publish","has-post-thumbnail","hentry"],"_links":{"self":[{"href":"https:\/\/www.atacama.tours\/en\/wp-json\/wp\/v2\/pages\/6101","targetHints":{"allow":["GET"]}}],"collection":[{"href":"https:\/\/www.atacama.tours\/en\/wp-json\/wp\/v2\/pages"}],"about":[{"href":"https:\/\/www.atacama.tours\/en\/wp-json\/wp\/v2\/types\/page"}],"author":[{"embeddable":true,"href":"https:\/\/www.atacama.tours\/en\/wp-json\/wp\/v2\/users\/2"}],"replies":[{"embeddable":true,"href":"https:\/\/www.atacama.tours\/en\/wp-json\/wp\/v2\/comments?post=6101"}],"version-history":[{"count":10,"href":"https:\/\/www.atacama.tours\/en\/wp-json\/wp\/v2\/pages\/6101\/revisions"}],"predecessor-version":[{"id":9648,"href":"https:\/\/www.atacama.tours\/en\/wp-json\/wp\/v2\/pages\/6101\/revisions\/9648"}],"wp:featuredmedia":[{"embeddable":true,"href":"https:\/\/www.atacama.tours\/en\/wp-json\/wp\/v2\/media\/4650"}],"wp:attachment":[{"href":"https:\/\/www.atacama.tours\/en\/wp-json\/wp\/v2\/media?parent=6101"}],"curies":[{"name":"wp","href":"https:\/\/api.w.org\/{rel}","templated":true}]}}